{"id":1575,"date":"2011-02-01T21:04:28","date_gmt":"2011-02-01T20:04:28","guid":{"rendered":"http:\/\/muscleboykanan.com\/blog\/"},"modified":"2011-08-27T16:39:31","modified_gmt":"2011-08-27T14:39:31","slug":"februari","status":"publish","type":"page","link":"https:\/\/muscleboykanan.com\/blog\/leesrooster\/februari\/","title":{"rendered":"Februari"},"content":{"rendered":"<table cellspacing=\"0\" cellpadding=\"3\" border=\"0\" summary=\"\">\n<tr>\n<td width=\"11\">&#160;<\/td>\n<td valign=\"top\" width=\"301\">\n1 &#8211; Exodus 24-26; Matt. 22:23-46<br \/>\n2 &#8211; Exodus 27, 28; Matt. 23:1-22<br \/>\n3 &#8211; Exodus 29-30; Matt. 23: 23-39<br \/>\n4 &#8211; Exodus 31, 32; Matt. 24:1-14<br \/>\n5 &#8211; Exodus 33, 34; Matt. 24:15-31<br \/>\n6 &#8211; Exodus 35, 36; Matte\u00fcs 24:32-51<br \/>\n7 &#8211; Exodus 37, 38; Matte\u00fcs 25:1-30<br \/>\n8 &#8211; Exodus 39, 40; Matte\u00fcs 25:31-46<br \/>\n9 &#8211; Leviticus 1-3; Matt. 26:1-25<br \/>\n10 &#8211; Leviticus 4, 5; Matt. 26:26-46<br \/>\n11 &#8211; Leviticus 6, 7; Matt. 26:47-75<br \/>\n12 &#8211; Leviticus 8, 9; Matt. 27:1-26<br \/>\n13 &#8211; Leviticus 10, 11; Matt. 27:27-45<br \/>\n14 &#8211; Leviticus 12, 13; Matt. 27:46-66<\/p>\n<p>&#160;<\/p>\n<\/td>\n<td valign=\"top\" width=\"301\">\n15 &#8211; Leviticus 14; Matte\u00fcs 28<br \/>\n16 &#8211; Leviticus 15, 16; Marcus 1:1-20<br \/>\n17 &#8211; Leviticus 17-19; Marcus 1:21-45<br \/>\n18 &#8211; Leviticus 20, 21; Marcus 2<br \/>\n19 &#8211; Leviticus 22, 23; Marcus 3<br \/>\n20 &#8211; Leviticus 24, 25; Marcus 4:1-20<br \/>\n21 &#8211; Leviticus 26, 27; Marcus 4:21-41<br \/>\n22 &#8211; Numeri 1, 2; Marcus 5:1-20<br \/>\n23 &#8211; Numeri 3, 4; Marcus 5:21-43<br \/>\n24 &#8211; Numeri 5, 6; Marcus 6:1-13<br \/>\n25 &#8211; Numeri 7; Marcus 6:14-31<br \/>\n26 &#8211; Numeri 8-10; Marcus 6:32-56<br \/>\n27 &#8211; Numeri 11-13; Marcus 7:1-23<br \/>\n28 &#8211; Numeri 14, 15; Marcus 7:24-37<\/td>\n<\/tr>\n<\/table>\n","protected":false},"excerpt":{"rendered":"<p>&#160; 1 &#8211; Exodus 24-26; Matt. 22:23-46 2 &#8211; Exodus 27, 28; Matt. 23:1-22 3 &#8211; Exodus 29-30; Matt. 23: 23-39 4 &#8211; Exodus 31, 32; Matt. 24:1-14 5 &#8211; Exodus 33, 34; Matt. 24:15-31 6 &#8211; Exodus 35, 36; Matte\u00fcs 24:32-51 7 &#8211; Exodus 37, 38; Matte\u00fcs 25:1-30 8 &#8211; Exodus 39, 40; Matte\u00fcs [&hellip;]<\/p>\n","protected":false},"author":2,"featured_media":0,"parent":77,"menu_order":7,"comment_status":"closed","ping_status":"closed","template":"","meta":{"footnotes":""},"class_list":["post-1575","page","type-page","status-publish","hentry"],"_links":{"self":[{"href":"https:\/\/muscleboykanan.com\/blog\/wp-json\/wp\/v2\/pages\/1575","targetHints":{"allow":["GET"]}}],"collection":[{"href":"https:\/\/muscleboykanan.com\/blog\/wp-json\/wp\/v2\/pages"}],"about":[{"href":"https:\/\/muscleboykanan.com\/blog\/wp-json\/wp\/v2\/types\/page"}],"author":[{"embeddable":true,"href":"https:\/\/muscleboykanan.com\/blog\/wp-json\/wp\/v2\/users\/2"}],"replies":[{"embeddable":true,"href":"https:\/\/muscleboykanan.com\/blog\/wp-json\/wp\/v2\/comments?post=1575"}],"version-history":[{"count":0,"href":"https:\/\/muscleboykanan.com\/blog\/wp-json\/wp\/v2\/pages\/1575\/revisions"}],"up":[{"embeddable":true,"href":"https:\/\/muscleboykanan.com\/blog\/wp-json\/wp\/v2\/pages\/77"}],"wp:attachment":[{"href":"https:\/\/muscleboykanan.com\/blog\/wp-json\/wp\/v2\/media?parent=1575"}],"curies":[{"name":"wp","href":"https:\/\/api.w.org\/{rel}","templated":true}]}}