{"id":3560,"date":"2011-10-23T19:48:24","date_gmt":"2011-10-23T17:48:24","guid":{"rendered":"http:\/\/muscleboykanan.com\/blog\/?page_id=3560"},"modified":"2023-01-07T14:58:26","modified_gmt":"2023-01-07T13:58:26","slug":"30-2","status":"publish","type":"page","link":"https:\/\/muscleboykanan.com\/blog\/geschriften\/jer\/30-2\/","title":{"rendered":"Jeremia 30"},"content":{"rendered":"<p><strong>Jeremia 30<\/strong><\/p>\n<p>1. Het woord dat van <strong>Y\u00e2-hw\u00e9h<\/strong> gekomen is tot Jeremia: 2. Zo zegt <strong>Y\u00e2-hw\u00e9h<\/strong>, de Almachtige van Isra\u00ebl: &#8220;Schrijf voor jou al de woorden die Ik tot je gesproken heb, in een boek. 3. Want zie, er komen dagen,&#8221; spreekt <strong>Y\u00e2-hw\u00e9h<\/strong>, &#8220;dat Ik een omkeer zal brengen in de gevangenschap van Mijn volk, Isra\u00ebl en Juda,&#8221; zegt <strong>Y\u00e2-hw\u00e9h<\/strong>, &#8220;en Ik hen zal terugbrengen naar het land dat Ik hun vaderen gegeven heb, en zij zullen het in bezit nemen.&#8221; 4. Dit zijn de woorden die <strong>Y\u00e2-hw\u00e9h<\/strong> gesproken heeft tot Isra\u00ebl en tot Juda. 5. Want zo zegt <strong>Y\u00e2-hw\u00e9h<\/strong>: &#8220;Een schrikwekkende stem hebben wij gehoord, angst is er, geen vrede. 6. Vraag toch en zie of een man baren kan? Waarom heb Ik dan iedere man gezien met zijn handen op zijn heupen als een barende vrouw, en waarom zijn alle gezichten lijkbleek weggetrokken? 7. Wee! Want die dag is groot, er is er geen als hij. Het is een tijd van benauwdheid voor Jakob, toch zal hij daaruit verlost worden. 8. Want op die dag zal het geschieden,&#8221; spreekt <strong>Y\u00e2-hw\u00e9h<\/strong> van de hemelse machten, &#8220;dat Ik je juk van je nek zal breken en je banden zal verscheuren. Vreemden zullen zich niet meer door hem laten dienen, 9. maar zij zullen <strong>Y\u00e2-hw\u00e9h<\/strong>, hun Almachtige, dienen, en hun Koning David, Die Ik hun zal doen opstaan. 10. Jij dan, wees niet bevreesd, Mijn dienaar Jakob,&#8221; spreekt <strong>Y\u00e2-hw\u00e9h<\/strong>, &#8220;wees niet ontsteld, Isra\u00ebl, want zie, Ik ga je verlossen uit verre landen, je nageslacht uit het land van hun gevangenschap, zodat Jakob terugkeert, rust heeft en zonder zorgen is, en niemand hem schrik aanjaagt. 11. Want Ik ben met jou,&#8221; spreekt <strong>Y\u00e2-hw\u00e9h<\/strong>, &#8220;om je te verlossen, want Ik maak een vernietigend einde aan alle heidenvolken waarheen Ik jou verspreid heb, maar aan jou zal Ik geen vernietigend einde maken. Ik zal je bestraffen met mate, maar je beslist niet voor onschuldig houden.&#8221; 12. Want zo zegt <strong>Y\u00e2-hw\u00e9h<\/strong>: &#8220;Ongeneeslijk is je breuk, pijnlijk je wond. 13. Er is niemand die je zaak behartigt; voor een gezwel zijn er medicijnen, maar voor jou is er geen herstel. 14. Al je minnaars zijn je vergeten, zij vragen niet naar jou, want Ik heb je getroffen met een wond als door een vijand, met een bestraffing als door een meedogenloze, vanwege de grootheid van je ongerechtigheid, omdat je zonden machtig veel zijn. 15. Wat schreeuw je het dan uit vanwege je breuk, omdat je leed ongeneeslijk is? Vanwege de grootheid van je ongerechtigheid, omdat je zonden machtig veel zijn, heb Ik jou deze dingen aangedaan. 16. Evenwel zullen allen die je verslinden, zelf verslonden worden, al je tegenstanders \u2013 zij allen zullen in gevangenschap gaan. Wie je plunderen, zullen tot buit worden, allen die je uitplunderen zal Ik als buit geven. 17. Ja, Ik zal je herstel bevorderen, je van je wonden genezen,&#8221; spreekt <strong>Y\u00e2-hw\u00e9h<\/strong>, &#8220;al noemen ze jou: Verdrevene, het is Sion, niemand vraagt naar haar.&#8221; 18. Zo zegt <strong>Y\u00e2-hw\u00e9h<\/strong>: &#8220;Zie, Ik ga een omkeer brengen in de gevangenschap van de tenten van Jakob en zal Mij ontfermen over zijn woningen. De stad zal herbouwd worden op haar ru\u00efne en het paleis zal op zijn rechtmatige plaats gelegen zijn. 19. Van hen zal dankzegging uitgaan, en het geluid van vrolijke mensen. Ik zal hen talrijk maken, ze zullen niet in aantal verminderen. Ik zal hen tot aanzien brengen, ze zullen niet veracht worden. 20. Zijn zonen zullen zijn als vanouds, en zijn gemeente zal voor Mijn aangezicht bevestigd worden. Ik zal al zijn onderdrukkers straffen. 21. Zijn Machtige zal \u00e9\u00e9n van hem zijn, zijn Heerser zal uit zijn midden voortkomen. Ik zal Hem naderbij doen komen, en Hij zal tot Mij naderen. Want wie is hij die met zijn hart borg staat om tot Mij te naderen?&#8221; spreekt <strong>Y\u00e2-hw\u00e9h<\/strong>. 22. &#8220;En je zult Mij tot een volk zijn en \u00cdk zal je tot een Almachtige zijn.&#8221; 23. Zie, een storm van <strong>Y\u00e2-hw\u00e9h<\/strong>, een grimmigheid is uitgegaan, een aanhoudende storm, op het hoofd van de ongelovigen zal hij blijven. 24. De brandende toorn van <strong>Y\u00e2-hw\u00e9h<\/strong> zal zich niet afwenden tot Hij de gedachten van Zijn hart gedaan en tot stand gebracht heeft. In later tijd zul je dat begrijpen. <\/p>\n<p><center><a href=\"\/blog\/geschriften\/jer\/29-2\/\">Jeremia 29<\/a> | <a href=\"\/blog\/geschriften\/jer\/\">Jeremia<\/a> | <a href=\"\/blog\/geschriften\/jer\/31-2\/\">Jeremia 31<\/a><\/center><\/p>\n","protected":false},"excerpt":{"rendered":"<p>Jeremia 30 1. Het woord dat van Y\u00e2-hw\u00e9h gekomen is tot Jeremia: 2. Zo zegt Y\u00e2-hw\u00e9h, de Almachtige van Isra\u00ebl: &#8220;Schrijf voor jou al de woorden die Ik tot je gesproken heb, in een boek. 3. Want zie, er komen dagen,&#8221; spreekt Y\u00e2-hw\u00e9h, &#8220;dat Ik een omkeer zal brengen in de gevangenschap van Mijn volk, [&hellip;]<\/p>\n","protected":false},"author":2,"featured_media":0,"parent":3403,"menu_order":30,"comment_status":"closed","ping_status":"closed","template":"","meta":{"footnotes":""},"class_list":["post-3560","page","type-page","status-publish","hentry"],"_links":{"self":[{"href":"https:\/\/muscleboykanan.com\/blog\/wp-json\/wp\/v2\/pages\/3560","targetHints":{"allow":["GET"]}}],"collection":[{"href":"https:\/\/muscleboykanan.com\/blog\/wp-json\/wp\/v2\/pages"}],"about":[{"href":"https:\/\/muscleboykanan.com\/blog\/wp-json\/wp\/v2\/types\/page"}],"author":[{"embeddable":true,"href":"https:\/\/muscleboykanan.com\/blog\/wp-json\/wp\/v2\/users\/2"}],"replies":[{"embeddable":true,"href":"https:\/\/muscleboykanan.com\/blog\/wp-json\/wp\/v2\/comments?post=3560"}],"version-history":[{"count":1,"href":"https:\/\/muscleboykanan.com\/blog\/wp-json\/wp\/v2\/pages\/3560\/revisions"}],"predecessor-version":[{"id":8145,"href":"https:\/\/muscleboykanan.com\/blog\/wp-json\/wp\/v2\/pages\/3560\/revisions\/8145"}],"up":[{"embeddable":true,"href":"https:\/\/muscleboykanan.com\/blog\/wp-json\/wp\/v2\/pages\/3403"}],"wp:attachment":[{"href":"https:\/\/muscleboykanan.com\/blog\/wp-json\/wp\/v2\/media?parent=3560"}],"curies":[{"name":"wp","href":"https:\/\/api.w.org\/{rel}","templated":true}]}}